{"id":65740,"date":"2018-02-06T20:29:11","date_gmt":"2018-02-06T19:29:11","guid":{"rendered":"https:\/\/deine-klamotten.de\/?post_type=product&#038;p=65740"},"modified":"2018-02-06T20:34:37","modified_gmt":"2018-02-06T19:34:37","slug":"fun-muskel-shirt-einmal-nordlicht-immer-nordlicht-heimat-norddeutsch","status":"publish","type":"product","link":"https:\/\/deine-klamotten.de\/start\/produkt\/fun-muskel-shirt-einmal-nordlicht-immer-nordlicht-heimat-norddeutsch\/","title":{"rendered":"Herren Fun Muskel Shirt Einmal Nordlicht, immer Nordlicht! Heimat Norddeutsch"},"content":{"rendered":"<h3><strong>Fun Muskel Shirt Einmal Nordlicht, immer Nordlicht! Heimat Norddeutsch<\/strong><\/h3>\n<h3><strong>Moin, so gr\u00fc\u00dft man bei uns im Norden. Der Anker als Symbol f\u00fcr unsere Bodenst\u00e4ndigkeit, unseren Stolz und unsere Werte. Den Geruch des Meeres immer in der Nase. Dieses Shirt ist ein klares Statement: Ich bin Norddeutscher. <\/strong><\/h3>\n<h3><b style=\"font-size: 20.16px;\">Herren Muscle Shirt\u00a0in Top Qualit\u00e4t zum super Preis<\/b><\/h3>\n<h3><strong>Auch perfekt f\u00fcr das Fitness Studio<\/strong><\/h3>\n<div>Tr\u00e4gershirt,\u00a0Single Jersey,\u00a0100 % Baumwolle, 150 g\/m\u00b2<\/div>\n<div><\/div>\n<div><strong>Schnitt<\/strong><\/div>\n<div>&#8211; komfortable Schnittform<\/div>\n<div><\/div>\n<div><strong>Verarbeitung<\/strong><\/div>\n<div>&#8211; Doppeln\u00e4hte<\/div>\n<div>&#8211; Schlauchware<\/div>\n<div><\/div>\n<div><strong>Eigenschaften<\/strong><\/div>\n<div>&#8211; gek\u00e4mmte Baumwolle<\/div>\n<div>&#8211; formbest\u00e4ndig<\/div>\n<div>&#8211; weiches Griffgef\u00fchl<\/div>\n","protected":false},"excerpt":{"rendered":"<p>Herren Muskel Shirt, Tr\u00e4gershirt,\u00a0Single Jersey<\/p>\n","protected":false},"featured_media":0,"comment_status":"open","ping_status":"closed","template":"","meta":[],"_links":{"self":[{"href":"https:\/\/deine-klamotten.de\/start\/wp-json\/wp\/v2\/product\/65740"}],"collection":[{"href":"https:\/\/deine-klamotten.de\/start\/wp-json\/wp\/v2\/product"}],"about":[{"href":"https:\/\/deine-klamotten.de\/start\/wp-json\/wp\/v2\/types\/product"}],"replies":[{"embeddable":true,"href":"https:\/\/deine-klamotten.de\/start\/wp-json\/wp\/v2\/comments?post=65740"}],"wp:attachment":[{"href":"https:\/\/deine-klamotten.de\/start\/wp-json\/wp\/v2\/media?parent=65740"}],"curies":[{"name":"wp","href":"https:\/\/api.w.org\/{rel}","templated":true}]}}