{"id":67017,"date":"2018-04-03T19:30:34","date_gmt":"2018-04-03T17:30:34","guid":{"rendered":"https:\/\/deine-klamotten.de\/?post_type=product&#038;p=67017"},"modified":"2018-12-05T21:23:51","modified_gmt":"2018-12-05T20:23:51","slug":"damen-fun-shirt-anker-heimat-liebe-norddeutsch","status":"publish","type":"product","link":"https:\/\/deine-klamotten.de\/start\/produkt\/damen-fun-shirt-anker-heimat-liebe-norddeutsch\/","title":{"rendered":"Damen Fun Shirt Anker Heimat Liebe Norddeutsch"},"content":{"rendered":"<h3><strong>Damen Fun Shirt Anker Heimat Liebe Norddeutsch<\/strong><\/h3>\n<h3><strong>Moin, so gr\u00fc\u00dft man bei uns im Norden. Der Anker als Symbol f\u00fcr unsere Bodenst\u00e4ndigkeit, unseren Stolz und unsere Werte. Den Geruch des Meeres immer in der Nase. Dieses Shirt ist ein klares Statement: Ich bin Norddeutscher.<\/strong><\/h3>\n<h3><strong>Damen Fun Shirt Anker Heimat Liebe Norddeutsch<\/strong><\/h3>\n<h3><strong>Damen Fun Shirt in Top Qualit\u00e4t zum super Preis<\/strong><\/h3>\n<div>T-Shirt, leicht tailliert, Single Jersey, 100 % Baumwolle, 180 g\/m\u00b2<\/div>\n<div><\/div>\n<div><strong>Schnitt<\/strong><\/div>\n<div>&#8211; komfortable Schnittform<\/div>\n<div>&#8211; leicht tailliert<\/div>\n<div>&#8211; optimierte L\u00e4nge<\/div>\n<div><\/div>\n<div><strong>Verarbeitung<\/strong><\/div>\n<div>&#8211; Rippb\u00fcndchen mit Elasthan<\/div>\n<div>&#8211; Nackenband<\/div>\n<div>&#8211; verst\u00e4rkte Schultern\u00e4hte<\/div>\n<div>&#8211; Doppeln\u00e4hte<\/div>\n<div>&#8211; Seitenn\u00e4hte<\/div>\n<div><\/div>\n<div><strong>Eigenschaften<\/strong><\/div>\n<div>&#8211; gek\u00e4mmte Baumwolle<\/div>\n<div>&#8211; strapazierf\u00e4hig<\/div>\n<div>&#8211; formbest\u00e4ndig<\/div>\n<div>&#8211; weiches Griffgef\u00fchl<\/div>\n<div><\/div>\n","protected":false},"excerpt":{"rendered":"<p>Damen T-Shirt, leicht tailliert, Single Jersey<\/p>\n","protected":false},"featured_media":0,"comment_status":"open","ping_status":"closed","template":"","meta":[],"_links":{"self":[{"href":"https:\/\/deine-klamotten.de\/start\/wp-json\/wp\/v2\/product\/67017"}],"collection":[{"href":"https:\/\/deine-klamotten.de\/start\/wp-json\/wp\/v2\/product"}],"about":[{"href":"https:\/\/deine-klamotten.de\/start\/wp-json\/wp\/v2\/types\/product"}],"replies":[{"embeddable":true,"href":"https:\/\/deine-klamotten.de\/start\/wp-json\/wp\/v2\/comments?post=67017"}],"wp:attachment":[{"href":"https:\/\/deine-klamotten.de\/start\/wp-json\/wp\/v2\/media?parent=67017"}],"curies":[{"name":"wp","href":"https:\/\/api.w.org\/{rel}","templated":true}]}}