{"id":68304,"date":"2018-03-28T19:55:58","date_gmt":"2018-03-28T17:55:58","guid":{"rendered":"https:\/\/deine-klamotten.de\/?post_type=product&#038;p=68304"},"modified":"2018-03-28T19:58:16","modified_gmt":"2018-03-28T17:58:16","slug":"damen-fun-shirt-triathlon-first","status":"publish","type":"product","link":"https:\/\/deine-klamotten.de\/start\/produkt\/damen-fun-shirt-triathlon-first\/","title":{"rendered":"Damen Fun Shirt Triathlon First"},"content":{"rendered":"<h3><strong>Damen Fun Shirt Triathlon First<\/strong><\/h3>\n<h3><strong style=\"font-size: 20.16px;\">Cooles Shirt f\u00fcr alle Triathlon Verr\u00fcckten. Schwimmen, Laufen und Radfahren &#8211; f\u00fcr Dich kein Problem. Aber nur die H\u00e4rtesten Ladies schaffen so etwas.\u00a0<\/strong><\/h3>\n<h3><strong>Damen Fun Shirt Triathlon First<\/strong><\/h3>\n<h3><strong>Damen Fun Shirt in Top Qualit\u00e4t zum super Preis<\/strong><\/h3>\n<div>T-Shirt, leicht tailliert, Single Jersey, 100 % Baumwolle, 180 g\/m\u00b2<\/div>\n<div><\/div>\n<div><strong>Schnitt<\/strong><\/div>\n<div>&#8211; komfortable Schnittform<\/div>\n<div>&#8211; leicht tailliert<\/div>\n<div>&#8211; optimierte L\u00e4nge<\/div>\n<div><\/div>\n<div><strong>Verarbeitung<\/strong><\/div>\n<div>&#8211; Rippb\u00fcndchen mit Elasthan<\/div>\n<div>&#8211; Nackenband<\/div>\n<div>&#8211; verst\u00e4rkte Schultern\u00e4hte<\/div>\n<div>&#8211; Doppeln\u00e4hte<\/div>\n<div>&#8211; Seitenn\u00e4hte<\/div>\n<div><\/div>\n<div><strong>Eigenschaften<\/strong><\/div>\n<div>&#8211; gek\u00e4mmte Baumwolle<\/div>\n<div>&#8211; strapazierf\u00e4hig<\/div>\n<div>&#8211; formbest\u00e4ndig<\/div>\n<div>&#8211; weiches Griffgef\u00fchl<\/div>\n<div><\/div>\n<div><\/div>\n","protected":false},"excerpt":{"rendered":"<p>Damen T-Shirt, leicht tailliert, Single Jersey<\/p>\n","protected":false},"featured_media":0,"comment_status":"open","ping_status":"closed","template":"","meta":[],"_links":{"self":[{"href":"https:\/\/deine-klamotten.de\/start\/wp-json\/wp\/v2\/product\/68304"}],"collection":[{"href":"https:\/\/deine-klamotten.de\/start\/wp-json\/wp\/v2\/product"}],"about":[{"href":"https:\/\/deine-klamotten.de\/start\/wp-json\/wp\/v2\/types\/product"}],"replies":[{"embeddable":true,"href":"https:\/\/deine-klamotten.de\/start\/wp-json\/wp\/v2\/comments?post=68304"}],"wp:attachment":[{"href":"https:\/\/deine-klamotten.de\/start\/wp-json\/wp\/v2\/media?parent=68304"}],"curies":[{"name":"wp","href":"https:\/\/api.w.org\/{rel}","templated":true}]}}