{"id":68754,"date":"2018-02-17T10:43:00","date_gmt":"2018-02-17T09:43:00","guid":{"rendered":"https:\/\/deine-klamotten.de\/?post_type=product&#038;p=68754"},"modified":"2018-02-17T10:50:45","modified_gmt":"2018-02-17T09:50:45","slug":"damen-fun-tanktop-ich-bin-eine-taetowierte-mama-wie-eine-normale-mama-nur-viel-cooler","status":"publish","type":"product","link":"https:\/\/deine-klamotten.de\/start\/produkt\/damen-fun-tanktop-ich-bin-eine-taetowierte-mama-wie-eine-normale-mama-nur-viel-cooler\/","title":{"rendered":"Damen Fun Tanktop\u00a0Ich bin eine t\u00e4towierte Mama, wie eine normale Mama, nur viel cooler"},"content":{"rendered":"<h3><strong>Damen Fun Tanktop\u00a0<\/strong><strong>Ich bin eine t\u00e4towierte Mama, wie eine normale Mama, nur viel cooler<\/strong><\/h3>\n<h3><strong>Du bist sowieso die coolste Mama der Welt!<\/strong><\/h3>\n<h3><strong>Auch perfekt f\u00fcr das Fitness Studio<\/strong><\/h3>\n<h3><strong>Damen Fun Tanktop\u00a0<\/strong><strong>Ich bin eine t\u00e4towierte Mama, wie eine normale Mama, nur viel cooler<\/strong><\/h3>\n<h3><b>Damen Tr\u00e4gershirt in Top Qualit\u00e4t zum super Preis<\/b><\/h3>\n<div>Tr\u00e4gershirt, figurbetont, Single Jersey, neutrales Gr\u00f6\u00dfenetikett,\u00a095 % Baumwolle, 5 % Elasthan, 180 g\/m\u00b2<\/div>\n<div><\/div>\n<div><strong>Schnitt<\/strong><\/div>\n<div>&#8211; figurbetont<\/div>\n<div><\/div>\n<div><strong>Verarbeitung<\/strong><\/div>\n<div>&#8211; neutrales Gr\u00f6\u00dfenetikett<\/div>\n<div>&#8211; Doppeln\u00e4hte<\/div>\n<div>&#8211; Seitenn\u00e4hte<\/div>\n<div><\/div>\n<div><strong>Eigenschaften<\/strong><\/div>\n<div>&#8211; gek\u00e4mmte Baumwolle<\/div>\n<div>&#8211; weiches Griffgef\u00fchl<\/div>\n<div>&#8211; Elasthananteil f\u00fcr besseren Komfort und Tragegef\u00fchl<\/div>\n<div><\/div>\n","protected":false},"excerpt":{"rendered":"<p>Damen Tank Top, Tr\u00e4gershirt, figurbetont, Single Jersey<\/p>\n","protected":false},"featured_media":0,"comment_status":"open","ping_status":"closed","template":"","meta":[],"_links":{"self":[{"href":"https:\/\/deine-klamotten.de\/start\/wp-json\/wp\/v2\/product\/68754"}],"collection":[{"href":"https:\/\/deine-klamotten.de\/start\/wp-json\/wp\/v2\/product"}],"about":[{"href":"https:\/\/deine-klamotten.de\/start\/wp-json\/wp\/v2\/types\/product"}],"replies":[{"embeddable":true,"href":"https:\/\/deine-klamotten.de\/start\/wp-json\/wp\/v2\/comments?post=68754"}],"wp:attachment":[{"href":"https:\/\/deine-klamotten.de\/start\/wp-json\/wp\/v2\/media?parent=68754"}],"curies":[{"name":"wp","href":"https:\/\/api.w.org\/{rel}","templated":true}]}}