{"id":68795,"date":"2018-02-17T10:51:48","date_gmt":"2018-02-17T09:51:48","guid":{"rendered":"https:\/\/deine-klamotten.de\/?post_type=product&#038;p=68795"},"modified":"2018-02-17T10:58:15","modified_gmt":"2018-02-17T09:58:15","slug":"damen-fun-tanktop-ich-bin-ein-kuestenkind-heimat-norddeutsch","status":"publish","type":"product","link":"https:\/\/deine-klamotten.de\/start\/produkt\/damen-fun-tanktop-ich-bin-ein-kuestenkind-heimat-norddeutsch\/","title":{"rendered":"Damen Fun Tanktop Ich bin ein K\u00fcstenkind Heimat Norddeutsch"},"content":{"rendered":"<h3><strong>Damen Fun Tanktop Ich bin ein K\u00fcstenkind Heimat Norddeutsch<\/strong><\/h3>\n<h3><strong>Dieses Tanktop ist ein klares Statement: Ich bin eine Norddeutsche<\/strong><\/h3>\n<h3><strong>Eine echte Norddeutsche tr\u00e4gt dieses wundersch\u00f6ne Fun Tr\u00e4gershirt mit Stolz<\/strong><\/h3>\n<h3><strong>Damen Fun Tanktop Ich bin ein K\u00fcstenkind Heimat Norddeutsch<\/strong><\/h3>\n<h3><b>Damen Tr\u00e4gershirt in Top Qualit\u00e4t zum super Preis<\/b><\/h3>\n<div>Tr\u00e4gershirt, figurbetont, Single Jersey, neutrales Gr\u00f6\u00dfenetikett,\u00a095 % Baumwolle, 5 % Elasthan, 180 g\/m\u00b2<\/div>\n<div><\/div>\n<div><strong>Schnitt<\/strong><\/div>\n<div>&#8211; figurbetont<\/div>\n<div><\/div>\n<div><strong>Verarbeitung<\/strong><\/div>\n<div>&#8211; neutrales Gr\u00f6\u00dfenetikett<\/div>\n<div>&#8211; Doppeln\u00e4hte<\/div>\n<div>&#8211; Seitenn\u00e4hte<\/div>\n<div><\/div>\n<div><strong>Eigenschaften<\/strong><\/div>\n<div>&#8211; gek\u00e4mmte Baumwolle<\/div>\n<div>&#8211; weiches Griffgef\u00fchl<\/div>\n<div>&#8211; Elasthananteil f\u00fcr besseren Komfort und Tragegef\u00fchl<\/div>\n<div><\/div>\n","protected":false},"excerpt":{"rendered":"<p>Damen Tank Top, Tr\u00e4gershirt, figurbetont, Single Jersey<\/p>\n","protected":false},"featured_media":0,"comment_status":"open","ping_status":"closed","template":"","meta":[],"_links":{"self":[{"href":"https:\/\/deine-klamotten.de\/start\/wp-json\/wp\/v2\/product\/68795"}],"collection":[{"href":"https:\/\/deine-klamotten.de\/start\/wp-json\/wp\/v2\/product"}],"about":[{"href":"https:\/\/deine-klamotten.de\/start\/wp-json\/wp\/v2\/types\/product"}],"replies":[{"embeddable":true,"href":"https:\/\/deine-klamotten.de\/start\/wp-json\/wp\/v2\/comments?post=68795"}],"wp:attachment":[{"href":"https:\/\/deine-klamotten.de\/start\/wp-json\/wp\/v2\/media?parent=68795"}],"curies":[{"name":"wp","href":"https:\/\/api.w.org\/{rel}","templated":true}]}}