{"id":69899,"date":"2018-02-22T19:21:15","date_gmt":"2018-02-22T18:21:15","guid":{"rendered":"https:\/\/deine-klamotten.de\/?post_type=product&#038;p=69899"},"modified":"2018-02-22T19:27:41","modified_gmt":"2018-02-22T18:27:41","slug":"turnbeutel-every-brownie-needs-a-blondie-bff-freundschaft","status":"publish","type":"product","link":"https:\/\/deine-klamotten.de\/start\/produkt\/turnbeutel-every-brownie-needs-a-blondie-bff-freundschaft\/","title":{"rendered":"Turnbeutel\u00a0Every brownie needs a blondie #BFF Freundschaft"},"content":{"rendered":"<h3><strong>Turnbeutel<\/strong><strong>\u00a0Every brownie needs a blondie #BFF Freundschaft<\/strong><\/h3>\n<h3><strong>Cooler Turnbeutel f\u00fcr Dich und Deine beste Freundin<\/strong><\/h3>\n<p><span style=\"color: #282828; font-size: 20.16px;\"><strong>Der Kultt<strong>urnbeutel <\/strong>f\u00fcr die Schule, f\u00fcr das Festival, f\u00fcr den Urlaub &#8211; einfach perfekt f\u00fcr jede Gelegenheit<\/strong><\/span><\/p>\n<h3><span style=\"color: #282828;\"><strong>Die &#8222;nat\u00fcrliche&#8220; Alternative zu Polyester-Turnbeuteln und Plastikt\u00fcten<\/strong><\/span><\/h3>\n<h3><strong>Turnbeutel<\/strong><strong>\u00a0Every brownie needs a blondie #BFF Freundschaft<\/strong><\/h3>\n<p>Turnbeutel<br \/>\nTop Qualit\u00e4t<br \/>\n100% Baumwolle<br \/>\nMa\u00dfe: 37 x 46 cm<br \/>\nZusammenziehbare Tragekordel<br \/>\nLeergewicht: 180 g\/qm<\/p>\n","protected":false},"excerpt":{"rendered":"<p>Turnbeutel Top Qualit\u00e4t\u00a0100% Baumwolle zusammenziehbare Tragekordel Ma\u00dfe: 37 x 46 cm<\/p>\n","protected":false},"featured_media":0,"comment_status":"open","ping_status":"closed","template":"","meta":[],"_links":{"self":[{"href":"https:\/\/deine-klamotten.de\/start\/wp-json\/wp\/v2\/product\/69899"}],"collection":[{"href":"https:\/\/deine-klamotten.de\/start\/wp-json\/wp\/v2\/product"}],"about":[{"href":"https:\/\/deine-klamotten.de\/start\/wp-json\/wp\/v2\/types\/product"}],"replies":[{"embeddable":true,"href":"https:\/\/deine-klamotten.de\/start\/wp-json\/wp\/v2\/comments?post=69899"}],"wp:attachment":[{"href":"https:\/\/deine-klamotten.de\/start\/wp-json\/wp\/v2\/media?parent=69899"}],"curies":[{"name":"wp","href":"https:\/\/api.w.org\/{rel}","templated":true}]}}