{"id":71309,"date":"2018-03-28T21:45:10","date_gmt":"2018-03-28T19:45:10","guid":{"rendered":"https:\/\/deine-klamotten.de\/?post_type=product&#038;p=71309"},"modified":"2018-03-28T21:48:54","modified_gmt":"2018-03-28T19:48:54","slug":"damen-fun-shirt-base-jumping-expertin-sport-fitness-gym-training","status":"publish","type":"product","link":"https:\/\/deine-klamotten.de\/start\/produkt\/damen-fun-shirt-base-jumping-expertin-sport-fitness-gym-training\/","title":{"rendered":"Damen Fun Shirt Base Jumping Expertin Sport Fitness Gym Training"},"content":{"rendered":"<h3><strong>Damen Fun Shirt Base Jumping Expertin Sport Fitness Gym Training<\/strong><\/h3>\n<h3><strong style=\"font-size: 20.16px;\">Cooles T-Shirt f\u00fcr echte Frauen. Nichts f\u00fcr P\u00fcppchen und Schlaffis.<\/strong><\/h3>\n<h3><strong style=\"font-size: 20.16px;\">Damen Fun Shirt Base Jumping Expertin Sport Fitness Gym Training<\/strong><\/h3>\n<h3><strong>Damen Fun Shirt in Top Qualit\u00e4t zum super Preis<\/strong><\/h3>\n<div>T-Shirt, leicht tailliert, Single Jersey, 100 % Baumwolle, 180 g\/m\u00b2<\/div>\n<div><\/div>\n<div><strong>Schnitt<\/strong><\/div>\n<div>&#8211; komfortable Schnittform<\/div>\n<div>&#8211; leicht tailliert<\/div>\n<div>&#8211; optimierte L\u00e4nge<\/div>\n<div><\/div>\n<div><strong>Verarbeitung<\/strong><\/div>\n<div>&#8211; Rippb\u00fcndchen mit Elasthan<\/div>\n<div>&#8211; Nackenband<\/div>\n<div>&#8211; verst\u00e4rkte Schultern\u00e4hte<\/div>\n<div>&#8211; Doppeln\u00e4hte<\/div>\n<div>&#8211; Seitenn\u00e4hte<\/div>\n<div><\/div>\n<div><strong>Eigenschaften<\/strong><\/div>\n<div>&#8211; gek\u00e4mmte Baumwolle<\/div>\n<div>&#8211; strapazierf\u00e4hig<\/div>\n<div>&#8211; formbest\u00e4ndig<\/div>\n<div>&#8211; weiches Griffgef\u00fchl<\/div>\n<div><\/div>\n<div><\/div>\n","protected":false},"excerpt":{"rendered":"<p>Damen T-Shirt, leicht tailliert, Single Jersey<\/p>\n","protected":false},"featured_media":0,"comment_status":"open","ping_status":"closed","template":"","meta":[],"_links":{"self":[{"href":"https:\/\/deine-klamotten.de\/start\/wp-json\/wp\/v2\/product\/71309"}],"collection":[{"href":"https:\/\/deine-klamotten.de\/start\/wp-json\/wp\/v2\/product"}],"about":[{"href":"https:\/\/deine-klamotten.de\/start\/wp-json\/wp\/v2\/types\/product"}],"replies":[{"embeddable":true,"href":"https:\/\/deine-klamotten.de\/start\/wp-json\/wp\/v2\/comments?post=71309"}],"wp:attachment":[{"href":"https:\/\/deine-klamotten.de\/start\/wp-json\/wp\/v2\/media?parent=71309"}],"curies":[{"name":"wp","href":"https:\/\/api.w.org\/{rel}","templated":true}]}}