{"id":73453,"date":"2018-03-28T18:14:30","date_gmt":"2018-03-28T16:14:30","guid":{"rendered":"https:\/\/deine-klamotten.de\/?post_type=product&#038;p=73453"},"modified":"2018-03-28T18:16:42","modified_gmt":"2018-03-28T16:16:42","slug":"tasse-dein-ernst-smiley-spass-buero","status":"publish","type":"product","link":"https:\/\/deine-klamotten.de\/start\/produkt\/tasse-dein-ernst-smiley-spass-buero\/","title":{"rendered":"Tasse Dein Ernst?! Smiley Spa\u00df B\u00fcro"},"content":{"rendered":"<h3><strong>Kaffeetasse Dein Ernst?! Smiley Spa\u00df B\u00fcro<\/strong><\/h3>\n<h3><strong>Bei manchen Menschen versteht man wirklich nicht, was mit denen los ist<\/strong><\/h3>\n<h3><strong>Tasse Dein Ernst?! Smiley Spa\u00df B\u00fcro<\/strong><\/h3>\n<p>Weisse Tasse Bedruckt 280 ml Keramik<\/p>\n","protected":false},"excerpt":{"rendered":"<p>Weisse Tasse Bedruckt 280 ml Keramik<\/p>\n","protected":false},"featured_media":0,"comment_status":"open","ping_status":"closed","template":"","meta":[],"_links":{"self":[{"href":"https:\/\/deine-klamotten.de\/start\/wp-json\/wp\/v2\/product\/73453"}],"collection":[{"href":"https:\/\/deine-klamotten.de\/start\/wp-json\/wp\/v2\/product"}],"about":[{"href":"https:\/\/deine-klamotten.de\/start\/wp-json\/wp\/v2\/types\/product"}],"replies":[{"embeddable":true,"href":"https:\/\/deine-klamotten.de\/start\/wp-json\/wp\/v2\/comments?post=73453"}],"wp:attachment":[{"href":"https:\/\/deine-klamotten.de\/start\/wp-json\/wp\/v2\/media?parent=73453"}],"curies":[{"name":"wp","href":"https:\/\/api.w.org\/{rel}","templated":true}]}}