{"id":75890,"date":"2018-04-06T16:14:33","date_gmt":"2018-04-06T14:14:33","guid":{"rendered":"https:\/\/deine-klamotten.de\/?post_type=product&#038;p=75890"},"modified":"2018-12-05T21:23:48","modified_gmt":"2018-12-05T20:23:48","slug":"herren-rundhals-fun-shirt-nu-butter-bei-die-fische-norddeutsch-heimat","status":"publish","type":"product","link":"https:\/\/deine-klamotten.de\/start\/produkt\/herren-rundhals-fun-shirt-nu-butter-bei-die-fische-norddeutsch-heimat\/","title":{"rendered":"Herren Rundhals Fun Shirt Nu aber Butter bei die Fische Norddeutsch Heimat"},"content":{"rendered":"<h3><strong>Fun Shirt Nu aber Butter bei die Fische Norddeutsch Heimat<br \/>\n<\/strong><\/h3>\n<h3><strong>Moin, so gr\u00fc\u00dft man bei uns im Norden. Der Anker als Symbol f\u00fcr unsere Bodenst\u00e4ndigkeit, unseren Stolz und unsere Werte. Den Geruch des Meeres immer in der Nase. Dieses Shirt ist ein klares Statement: Ich bin Norddeutscher<\/strong><\/h3>\n<h3><strong>Fun Shirt Nu aber Butter bei die Fische Norddeutsch Heimat<\/strong><\/h3>\n<h3><strong>Cooles M\u00e4nner Fun T-Shirt in Top Qualit\u00e4t zum super Preis<\/strong><\/h3>\n<div>T-Shirt, Rundhals-Ausschnitt, Single Jersey, 100 % Baumwolle, 180 g\/m\u00b2<\/div>\n<div><\/div>\n<div><strong>Schnitt<\/strong><\/div>\n<div>&#8211; komfortable Schnittform<\/div>\n<div>\u00a0rave<\/div>\n<div><strong>Verarbeitung<\/strong><\/div>\n<div>&#8211; Rippb\u00fcndchen mit Elasthan<\/div>\n<div>&#8211; Nackenband<\/div>\n<div>&#8211; verst\u00e4rkte Schultern\u00e4hte<\/div>\n<div>&#8211; Doppeln\u00e4hte<\/div>\n<div>&#8211; Schlauchware<\/div>\n<div><\/div>\n<div><strong>Eigenschaften<\/strong><\/div>\n<div>&#8211; gek\u00e4mmte Baumwolle<\/div>\n<div>&#8211; strapazierf\u00e4hig<\/div>\n<div>&#8211; formbest\u00e4ndig<\/div>\n<div>&#8211; weiches Griffgef\u00fchl<\/div>\n","protected":false},"excerpt":{"rendered":"<p>M\u00e4nner T-Shirt, Rundhals-Ausschnitt, Single Jersey<\/p>\n","protected":false},"featured_media":0,"comment_status":"open","ping_status":"closed","template":"","meta":[],"_links":{"self":[{"href":"https:\/\/deine-klamotten.de\/start\/wp-json\/wp\/v2\/product\/75890"}],"collection":[{"href":"https:\/\/deine-klamotten.de\/start\/wp-json\/wp\/v2\/product"}],"about":[{"href":"https:\/\/deine-klamotten.de\/start\/wp-json\/wp\/v2\/types\/product"}],"replies":[{"embeddable":true,"href":"https:\/\/deine-klamotten.de\/start\/wp-json\/wp\/v2\/comments?post=75890"}],"wp:attachment":[{"href":"https:\/\/deine-klamotten.de\/start\/wp-json\/wp\/v2\/media?parent=75890"}],"curies":[{"name":"wp","href":"https:\/\/api.w.org\/{rel}","templated":true}]}}