{"id":75994,"date":"2018-04-06T16:34:58","date_gmt":"2018-04-06T14:34:58","guid":{"rendered":"https:\/\/deine-klamotten.de\/?post_type=product&#038;p=75994"},"modified":"2018-09-26T11:24:24","modified_gmt":"2018-09-26T09:24:24","slug":"herren-rundhals-fun-shirt-alles-was-du-brauchst-ist-chicken-haehnchen","status":"publish","type":"product","link":"https:\/\/deine-klamotten.de\/start\/produkt\/herren-rundhals-fun-shirt-alles-was-du-brauchst-ist-chicken-haehnchen\/","title":{"rendered":"Herren Rundhals Fun Shirt Alles was Du brauchst ist CHICKEN H\u00e4hnchen"},"content":{"rendered":"<h3><b>M\u00e4nner Fun Shirt Alles was Du brauchst ist CHICKEN H\u00e4hnchen<\/b><\/h3>\n<h3><strong>Der H\u00e4hnchen Grill hat magische Anziehungskr\u00e4fte. Zwei halbe H\u00e4hnchen sind Dein Lebenselixier.<\/strong><\/h3>\n<h3><b>M\u00e4nner Fun Shirt Alles was Du brauchst ist CHICKEN H\u00e4hnchen<\/b><\/h3>\n<h3><b>M\u00e4nner Fun-Shirt in Top Qualit\u00e4t zum super Preis<\/b><\/h3>\n<div>T-Shirt, Rundhals-Ausschnitt, Single Jersey, 100 % Baumwolle, 180 g\/m\u00b2<\/div>\n<div><\/div>\n<div><strong>Schnitt<\/strong><\/div>\n<div>&#8211; komfortable Schnittform<\/div>\n<div><\/div>\n<div><strong>Verarbeitung<\/strong><\/div>\n<div>&#8211; Rippb\u00fcndchen mit Elasthan<\/div>\n<div>&#8211; Nackenband<\/div>\n<div>&#8211; verst\u00e4rkte Schultern\u00e4hte<\/div>\n<div>&#8211; Doppeln\u00e4hte<\/div>\n<div>&#8211; Schlauchware<\/div>\n<div><\/div>\n<div><strong>Eigenschaften<\/strong><\/div>\n<div>&#8211; gek\u00e4mmte Baumwolle<\/div>\n<div>&#8211; strapazierf\u00e4hig<\/div>\n<div>&#8211; formbest\u00e4ndig<\/div>\n<div>&#8211; weiches Griffgef\u00fchl<\/div>\n","protected":false},"excerpt":{"rendered":"<p>M\u00e4nner T-Shirt, Rundhals-Ausschnitt, Single Jersey<\/p>\n","protected":false},"featured_media":0,"comment_status":"open","ping_status":"closed","template":"","meta":[],"_links":{"self":[{"href":"https:\/\/deine-klamotten.de\/start\/wp-json\/wp\/v2\/product\/75994"}],"collection":[{"href":"https:\/\/deine-klamotten.de\/start\/wp-json\/wp\/v2\/product"}],"about":[{"href":"https:\/\/deine-klamotten.de\/start\/wp-json\/wp\/v2\/types\/product"}],"replies":[{"embeddable":true,"href":"https:\/\/deine-klamotten.de\/start\/wp-json\/wp\/v2\/comments?post=75994"}],"wp:attachment":[{"href":"https:\/\/deine-klamotten.de\/start\/wp-json\/wp\/v2\/media?parent=75994"}],"curies":[{"name":"wp","href":"https:\/\/api.w.org\/{rel}","templated":true}]}}