{"id":78946,"date":"2018-05-11T13:47:35","date_gmt":"2018-05-11T11:47:35","guid":{"rendered":"https:\/\/deine-klamotten.de\/?post_type=product&#038;p=78946"},"modified":"2018-05-11T13:57:35","modified_gmt":"2018-05-11T11:57:35","slug":"kfz-tattoo-100-diesel-mein-auto-braucht-keinen-stecker-kopie","status":"publish","type":"product","link":"https:\/\/deine-klamotten.de\/start\/produkt\/kfz-tattoo-100-diesel-mein-auto-braucht-keinen-stecker-kopie\/","title":{"rendered":"KFZ-Tattoo 100% Diesel Mein Auto braucht keinen Stecker! 21cm x 9cm"},"content":{"rendered":"<h3><strong>KFZ-Tattoo 100% Diesel Mein Auto braucht keinen Stecker!<\/strong><\/h3>\n<h3><strong>Cooler KFZ-Aufkleber f\u00fcr alle die KEIN Elektroauto fahren!<\/strong><\/h3>\n<h3><strong>KFZ-Tattoo 100% Diesel Mein Auto braucht keinen Stecker!<\/strong><\/h3>\n<p class=\"x_p1\"><span class=\"x_s1\">DU WILLST ETWAS BESONDERES F\u00dcR DEIN FAHRZEUG, ETWAS EINZIGARTIGES, DANN NUTZE AUCH DU DIE VORTEILE UNSERER TATTOOS UND DEKORE!<span class=\"x_Apple-converted-space\">\u00a0<\/span><\/span><\/p>\n<p class=\"x_p3\"><span class=\"x_s3\">\u2611\ufe0fSelbstklebend \u2611\ufe0fLeicht anzubringen \u2611\ufe0fR\u00fcckstandsfrei entfernbar<\/span><\/p>\n<p class=\"x_p3\"><span class=\"x_s2\">\u2022Zur Au\u00dfendekoration an Lackfl\u00e4chen und Glasfl\u00e4chen.<\/span><\/p>\n<p class=\"x_p3\"><span class=\"x_s2\">\u2022Bei unseren Materialien handelt es sich um hauchd\u00fcnne Vinyl-Qualit\u00e4tsfolien, w\u00e4hlbar in bis zu 27 Farben, Oberfl\u00e4che in gl\u00e4nzend, sowie schwarz- und wei\u00df matt.<\/span><\/p>\n<p class=\"x_p3\"><span class=\"x_s2\">\u2022Handarbeit Made in Germany.<\/span><\/p>\n<p class=\"x_p3\"><span class=\"x_s2\">\u2022Der Untergrund muss frei von Fett, Schmutz, Teer, Politur, Silikon und Staub sein.<\/span><\/p>\n<p class=\"x_p3\"><span class=\"x_s2\">\u2022Bei neu lackierten Teilen muss der Lack mindestens 30 Tage endgetrocknet sein.<\/span><\/p>\n<p class=\"x_p3\"><span class=\"x_s2\">\u2022Selbstklebende Produkte nicht l\u00e4nger als 21 Tage nach Erhalt lagern.<\/span><\/p>\n<p class=\"x_p1\"><span class=\"x_s1\">Du hast die richtige Gr\u00f6\u00dfe nicht gefunden?<\/span><\/p>\n<p class=\"x_p3\"><span class=\"x_s2\">Kein Problem!<\/span><\/p>\n<p><span class=\"x_s2\">Schreibe uns Deine Wunschgr\u00f6\u00dfe unter Angabe der Artikel \u00dcberschrift einfach per Mail!<span class=\"x_Apple-converted-space\">\u00a0<\/span><\/span><\/p>\n<p><a href=\"mailto:info@deine-klamotten.de\">info@deine-klamotten.de<\/a><\/p>\n","protected":false},"excerpt":{"rendered":"<p><span class=\"x_s2\">KFZ Tattoo &#8211; Zur Au\u00dfendekoration an Lackfl\u00e4chen und Glasfl\u00e4chen.<\/span><\/p>\n<p>Gr\u00f6\u00dfe 21cm x 9cm<\/p>\n<p>19 Farben<\/p>\n<p>Oberfl\u00e4che gl\u00e4nzend, sowie schwarz- und wei\u00df matt<\/p>\n","protected":false},"featured_media":0,"comment_status":"open","ping_status":"closed","template":"","meta":[],"_links":{"self":[{"href":"https:\/\/deine-klamotten.de\/start\/wp-json\/wp\/v2\/product\/78946"}],"collection":[{"href":"https:\/\/deine-klamotten.de\/start\/wp-json\/wp\/v2\/product"}],"about":[{"href":"https:\/\/deine-klamotten.de\/start\/wp-json\/wp\/v2\/types\/product"}],"replies":[{"embeddable":true,"href":"https:\/\/deine-klamotten.de\/start\/wp-json\/wp\/v2\/comments?post=78946"}],"wp:attachment":[{"href":"https:\/\/deine-klamotten.de\/start\/wp-json\/wp\/v2\/media?parent=78946"}],"curies":[{"name":"wp","href":"https:\/\/api.w.org\/{rel}","templated":true}]}}