{"id":79790,"date":"2018-05-22T18:47:30","date_gmt":"2018-05-22T16:47:30","guid":{"rendered":"https:\/\/deine-klamotten.de\/?post_type=product&#038;p=79790"},"modified":"2018-05-22T19:36:05","modified_gmt":"2018-05-22T17:36:05","slug":"dekoschild-bar-50cm-x-15cm-garten-terrasse-balkon-heimdekoration","status":"publish","type":"product","link":"https:\/\/deine-klamotten.de\/start\/produkt\/dekoschild-bar-50cm-x-15cm-garten-terrasse-balkon-heimdekoration\/","title":{"rendered":"Dekoschild BAR 55cm x 15cm Garten Terrasse Balkon Heimdekoration"},"content":{"rendered":"<h3><strong>Dekorationsschild BAR<\/strong><\/h3>\n<h3><strong>Ein wundersch\u00f6nes Dekoschild f\u00fcr Garten, Terrasse oder Balkon<\/strong><\/h3>\n<h3><strong>Auch perfekt f\u00fcr Deine coole Bar in Deinem sch\u00f6nen Zuhause<\/strong><\/h3>\n<p>Material: Hartschaumkunststoff mit Aufdruck und Schutzlaminat.<\/p>\n<p>Gr\u00f6\u00dfe: 55cm breit und 15 cm hoch.<\/p>\n<p>Ausf\u00fchrung: F\u00fcr innen und au\u00dfen geeignet.<\/p>\n<p>wahlweise mit oder Befestigungsbohrungen<\/p>\n","protected":false},"excerpt":{"rendered":"<p>Dekorationsschild aus Hartschaumkunststoff mit Aufdruck und Schutzlaminat<\/p>\n<p>f\u00fcr innen und au\u00dfen geeignet<\/p>\n<p>Gr\u00f6\u00dfe: 55cm breit und 15 cm hoch<\/p>\n<p>wahlweise mit oder ohne Befestigungsbohrungen<\/p>\n","protected":false},"featured_media":0,"comment_status":"open","ping_status":"closed","template":"","meta":[],"_links":{"self":[{"href":"https:\/\/deine-klamotten.de\/start\/wp-json\/wp\/v2\/product\/79790"}],"collection":[{"href":"https:\/\/deine-klamotten.de\/start\/wp-json\/wp\/v2\/product"}],"about":[{"href":"https:\/\/deine-klamotten.de\/start\/wp-json\/wp\/v2\/types\/product"}],"replies":[{"embeddable":true,"href":"https:\/\/deine-klamotten.de\/start\/wp-json\/wp\/v2\/comments?post=79790"}],"wp:attachment":[{"href":"https:\/\/deine-klamotten.de\/start\/wp-json\/wp\/v2\/media?parent=79790"}],"curies":[{"name":"wp","href":"https:\/\/api.w.org\/{rel}","templated":true}]}}