{"id":80754,"date":"2018-06-22T16:18:27","date_gmt":"2018-06-22T14:18:27","guid":{"rendered":"https:\/\/deine-klamotten.de\/?post_type=product&#038;p=80754"},"modified":"2018-06-22T16:37:51","modified_gmt":"2018-06-22T14:37:51","slug":"team-braut-krone-damen-fun-shirt-fruit-of-the-loom-junggesellenabschied-party-hochzeit","status":"publish","type":"product","link":"https:\/\/deine-klamotten.de\/start\/produkt\/team-braut-krone-damen-fun-shirt-fruit-of-the-loom-junggesellenabschied-party-hochzeit\/","title":{"rendered":"Team Braut Krone Damen Fun Shirt Fruit of the Loom Junggesellenabschied Party Hochzeit"},"content":{"rendered":"<h3><strong>Team Braut Krone Damen Fun Shirt Fruit of the Loom Junggesellenabschied Party Hochzeit<\/strong><\/h3>\n<h3><strong>Das ultimative\u00a0<\/strong><strong>Junggesellenabschied\u00a0<\/strong><strong>T-Shirt<\/strong><\/h3>\n<h3><strong>W\u00e4hle das Shirt f\u00fcr die Braut und die Shirts f\u00fcr das Team<\/strong><\/h3>\n<h3><strong>Team Braut Krone\u00a0Damen Fun Shirt Fruit of the Loom Junggesellenabschied Party Hochzeit<\/strong><\/h3>\n<h3><b style=\"font-size: 20.16px;\">Damen Fun-Shirt in Top Qualit\u00e4t zum super Preis<\/b><\/h3>\n<div>\n<div>T-Shirt, leicht tailliert, 100 % Baumwolle, 165 g\/m\u00b2<\/div>\n<div><\/div>\n<div>Rippstrickb\u00fcndchen am Halsausschnitt<\/div>\n<div>\n<p>Nackenband<\/p>\n<p>Seitenn\u00e4hte f\u00fcr tailierten Schnitt<\/p>\n<\/div>\n<\/div>\n","protected":false},"excerpt":{"rendered":"<p>W\u00e4hle das Shirt f\u00fcr die Braut und die Shirts f\u00fcr das Team aus.<\/p>\n","protected":false},"featured_media":0,"comment_status":"open","ping_status":"closed","template":"","meta":[],"_links":{"self":[{"href":"https:\/\/deine-klamotten.de\/start\/wp-json\/wp\/v2\/product\/80754"}],"collection":[{"href":"https:\/\/deine-klamotten.de\/start\/wp-json\/wp\/v2\/product"}],"about":[{"href":"https:\/\/deine-klamotten.de\/start\/wp-json\/wp\/v2\/types\/product"}],"replies":[{"embeddable":true,"href":"https:\/\/deine-klamotten.de\/start\/wp-json\/wp\/v2\/comments?post=80754"}],"wp:attachment":[{"href":"https:\/\/deine-klamotten.de\/start\/wp-json\/wp\/v2\/media?parent=80754"}],"curies":[{"name":"wp","href":"https:\/\/api.w.org\/{rel}","templated":true}]}}