{"id":81791,"date":"2018-08-10T09:50:08","date_gmt":"2018-08-10T07:50:08","guid":{"rendered":"https:\/\/deine-klamotten.de\/?post_type=product&#038;p=81791"},"modified":"2018-08-10T09:53:37","modified_gmt":"2018-08-10T07:53:37","slug":"herren-fun-muskel-shirt-das-muss-so-laut-festival-rock-metal-skull-totenkopf","status":"publish","type":"product","link":"https:\/\/deine-klamotten.de\/start\/produkt\/herren-fun-muskel-shirt-das-muss-so-laut-festival-rock-metal-skull-totenkopf\/","title":{"rendered":"Herren Fun Muskel Shirt Das muss so laut Festival Rock Metal Skull Totenkopf"},"content":{"rendered":"<h3><strong>Herren Fun Muskel Shirt Das muss so laut Festival Rock Metal Skull Totenkopf<\/strong><\/h3>\n<h3><b style=\"font-size: 20.16px;\">Cooles Muscle Shirt mit coolem Print. Mit diesem coolen Muskel Shirt bist Du perfekt ausger\u00fcstet f\u00fcr den n\u00e4chsten Moshpit und die n\u00e4chste Wall of Death..<\/b><\/h3>\n<h3><b style=\"font-size: 20.16px;\">Herren Muscle Shirt\u00a0in Top Qualit\u00e4t zum super Preis<\/b><\/h3>\n<h3><strong>Herren Fun Muskel Shirt Das muss so laut Festival Rock Metal Skull Totenkopf<\/strong><\/h3>\n<h3><b>Heavy Metal \u2013 Black Metal \u2013 Death Metal \u2013 Sleaze Metal \u2013 Glam Metal \u2013 Power Metal \u2013 Groove Metal \u2013 NWoBHM \u2013 Thrash Metal \u2013 Speed Metal \u2013 Doom Metal \u2013 Progressive Metal \u2013 Gothic Metal \u2013 Industrial Metal \u2013 Nu Metal \u2013 Folk Metal \u2013 Oldschool Metal \u2013 Grindcore \u2013 Metalcore \u2013 Pagan Metal \u2013 Symphonic Metal \u2013 Viking Metal \u2013 Alternative Metal \u2013 White Metal<\/b><\/h3>\n<div>Tr\u00e4gershirt,\u00a0Single Jersey,\u00a0100 % Baumwolle, 150 g\/m\u00b2<\/div>\n<div><\/div>\n<div><strong>Schnitt<\/strong><\/div>\n<div>&#8211; komfortable Schnittform<\/div>\n<div><\/div>\n<div><strong>Verarbeitung<\/strong><\/div>\n<div>&#8211; Doppeln\u00e4hte<\/div>\n<div>&#8211; Schlauchware<\/div>\n<div><\/div>\n<div><strong>Eigenschaften<\/strong><\/div>\n<div>&#8211; gek\u00e4mmte Baumwolle<\/div>\n<div>&#8211; formbest\u00e4ndig<\/div>\n<div>&#8211; weiches Griffgef\u00fchl<\/div>\n","protected":false},"excerpt":{"rendered":"<p>Herren Muskel Shirt, Tr\u00e4gershirt,\u00a0Single Jersey<\/p>\n","protected":false},"featured_media":0,"comment_status":"open","ping_status":"closed","template":"","meta":[],"_links":{"self":[{"href":"https:\/\/deine-klamotten.de\/start\/wp-json\/wp\/v2\/product\/81791"}],"collection":[{"href":"https:\/\/deine-klamotten.de\/start\/wp-json\/wp\/v2\/product"}],"about":[{"href":"https:\/\/deine-klamotten.de\/start\/wp-json\/wp\/v2\/types\/product"}],"replies":[{"embeddable":true,"href":"https:\/\/deine-klamotten.de\/start\/wp-json\/wp\/v2\/comments?post=81791"}],"wp:attachment":[{"href":"https:\/\/deine-klamotten.de\/start\/wp-json\/wp\/v2\/media?parent=81791"}],"curies":[{"name":"wp","href":"https:\/\/api.w.org\/{rel}","templated":true}]}}