{"id":83178,"date":"2018-11-13T14:28:59","date_gmt":"2018-11-13T13:28:59","guid":{"rendered":"https:\/\/deine-klamotten.de\/?post_type=product&#038;p=83178"},"modified":"2021-03-02T13:21:24","modified_gmt":"2021-03-02T12:21:24","slug":"herren-fun-hoodie-feuerwehr-kameradschaft-geschmiedet-im-feuer","status":"publish","type":"product","link":"https:\/\/deine-klamotten.de\/start\/produkt\/herren-fun-hoodie-feuerwehr-kameradschaft-geschmiedet-im-feuer\/","title":{"rendered":"Herren Fun Hoodie Feuerwehr Kameradschaft geschmiedet im Feuer! Retter Brandmeister Feuerwehrmann"},"content":{"rendered":"<h3><strong>Herren Fun Hoodie Feuerwehr Kameradschaft geschmiedet im Feuer! Retter Brandmeister Feuerwehrmann<\/strong><\/h3>\n<h3><strong>Feuerwehrm\u00e4nner und Feuerwehrfrauen sind unsere Helden! Sie riskieren t\u00e4glich ihr Leben f\u00fcr uns. Egal ob Berufsfeuerwehr oder freiwillige Feuerwehr &#8211; sie retten Haus und Hof und Leib und Leben.<br \/>\n<\/strong><\/h3>\n<h3><strong>Herren Fun Hoodie Feuerwehr Kameradschaft geschmiedet im Feuer! Retter Brandmeister Feuerwehrmann<\/strong><\/h3>\n<p>&#8211; Sweatshirt<br \/>\n&#8211; K\u00e4ngurutasche<br \/>\n&#8211; Doppelkapuze<br \/>\n&#8211; Elasthanb\u00fcndchen an Arm und Saum<br \/>\n&#8211; Mischgewebe mit 80 % Baumwolle &#8211;\u00a020 % Polyester<br \/>\n&#8211; Molton brushed<br \/>\n&#8211; 280 g\/m<\/p>\n<div>\n<p>&#8211; komfortable Schnittform<br \/>\n&#8211; angenehmes Tragegef\u00fchl<\/p>\n<p>&#8211; 3-f\u00e4dige Sweatware<br \/>\n&#8211; angeraute Innenseite<br \/>\n&#8211; Set-in-\u00c4rmel<br \/>\n&#8211; Elasthanb\u00fcndchen an Arm und Saum<br \/>\n&#8211; verst\u00e4rkte Schultern\u00e4hte<br \/>\n&#8211; Doppeln\u00e4hte<\/p>\n<p>&#8211; gek\u00e4mmte Baumwolle<br \/>\n&#8211; gute thermophysiologische Eigenschaften<br \/>\n&#8211; feine Oberfl\u00e4che<\/p>\n<\/div>\n","protected":false},"excerpt":{"rendered":"<p>Herren Hoodie, Kapuze, K\u00e4ngurutasche, Baumwolle\/Polyester Mischgewebe (20\/80)<\/p>\n","protected":false},"featured_media":0,"comment_status":"open","ping_status":"closed","template":"","meta":[],"_links":{"self":[{"href":"https:\/\/deine-klamotten.de\/start\/wp-json\/wp\/v2\/product\/83178"}],"collection":[{"href":"https:\/\/deine-klamotten.de\/start\/wp-json\/wp\/v2\/product"}],"about":[{"href":"https:\/\/deine-klamotten.de\/start\/wp-json\/wp\/v2\/types\/product"}],"replies":[{"embeddable":true,"href":"https:\/\/deine-klamotten.de\/start\/wp-json\/wp\/v2\/comments?post=83178"}],"wp:attachment":[{"href":"https:\/\/deine-klamotten.de\/start\/wp-json\/wp\/v2\/media?parent=83178"}],"curies":[{"name":"wp","href":"https:\/\/api.w.org\/{rel}","templated":true}]}}