{"id":84179,"date":"2018-12-06T17:08:42","date_gmt":"2018-12-06T16:08:42","guid":{"rendered":"https:\/\/deine-klamotten.de\/?post_type=product&#038;p=84179"},"modified":"2018-12-12T09:20:34","modified_gmt":"2018-12-12T08:20:34","slug":"herren-v-neck-fun-shirt-tatuetata-spass-freude","status":"publish","type":"product","link":"https:\/\/deine-klamotten.de\/start\/produkt\/herren-v-neck-fun-shirt-tatuetata-spass-freude\/","title":{"rendered":"Herren V-Neck Fun Shirt TAT\u00dcTATA Spa\u00df Freude"},"content":{"rendered":"<h3><strong>Herren V-NeckFun Shirt TAT\u00dcTATA Spa\u00df Freude<\/strong><\/h3>\n<h3><strong>Immer wenn der Alarm geht bist Du zur Stelle. Du bist der Retter in der Not.<br \/>\n<\/strong><\/h3>\n<h3><strong>Herren V-NeckFun Shirt TAT\u00dcTATA Spa\u00df Freude<\/strong><\/h3>\n<h3><strong>Cooles M\u00e4nner Fun T-Shirt in Top Qualit\u00e4t zum super Preis<\/strong><\/h3>\n<div>T-Shirt, V-Ausschnitt, Single Jersey, 100 % Baumwolle, 180 g\/m\u00b2<\/div>\n<div><\/div>\n<div><strong>Schnitt<\/strong><\/div>\n<div>&#8211; komfortable Schnittform<\/div>\n<div>\u00a0rave<\/div>\n<div><strong>Verarbeitung<\/strong><\/div>\n<div>&#8211; Rippb\u00fcndchen mit Elasthan<\/div>\n<div>&#8211; Nackenband<\/div>\n<div>&#8211; verst\u00e4rkte Schultern\u00e4hte<\/div>\n<div>&#8211; Doppeln\u00e4hte<\/div>\n<div>&#8211; Schlauchware<\/div>\n<div><\/div>\n<div><strong>Eigenschaften<\/strong><\/div>\n<div>&#8211; gek\u00e4mmte Baumwolle<\/div>\n<div>&#8211; strapazierf\u00e4hig<\/div>\n<div>&#8211; formbest\u00e4ndig<\/div>\n<div>&#8211; weiches Griffgef\u00fchl<\/div>\n","protected":false},"excerpt":{"rendered":"<p>M\u00e4nner T-Shirt, V-Ausschnitt, Single Jersey<\/p>\n","protected":false},"featured_media":0,"comment_status":"open","ping_status":"closed","template":"","meta":[],"_links":{"self":[{"href":"https:\/\/deine-klamotten.de\/start\/wp-json\/wp\/v2\/product\/84179"}],"collection":[{"href":"https:\/\/deine-klamotten.de\/start\/wp-json\/wp\/v2\/product"}],"about":[{"href":"https:\/\/deine-klamotten.de\/start\/wp-json\/wp\/v2\/types\/product"}],"replies":[{"embeddable":true,"href":"https:\/\/deine-klamotten.de\/start\/wp-json\/wp\/v2\/comments?post=84179"}],"wp:attachment":[{"href":"https:\/\/deine-klamotten.de\/start\/wp-json\/wp\/v2\/media?parent=84179"}],"curies":[{"name":"wp","href":"https:\/\/api.w.org\/{rel}","templated":true}]}}