{"id":84341,"date":"2018-12-11T16:48:15","date_gmt":"2018-12-11T15:48:15","guid":{"rendered":"https:\/\/deine-klamotten.de\/?post_type=product&#038;p=84341"},"modified":"2018-12-11T16:54:40","modified_gmt":"2018-12-11T15:54:40","slug":"herren-rundhals-fun-shirt-du-denkst-ich-bin-verrueckt-bagger-2","status":"publish","type":"product","link":"https:\/\/deine-klamotten.de\/start\/produkt\/herren-rundhals-fun-shirt-du-denkst-ich-bin-verrueckt-bagger-2\/","title":{"rendered":"Herren Rundhals Fun Shirt Du denkst ich bin verr\u00fcckt? Du solltest mich erstmal in meinem Bagger sehen! Spa\u00df Freude Bagger"},"content":{"rendered":"<h3><strong>Herren Rundhals Fun Shirt Du denkst ich bin verr\u00fcckt? Du solltest mich erstmal in meinem Bagger sehen! Spa\u00df Freude Bagger<\/strong><\/h3>\n<h3 class=\"western\"><strong>Ohne Bagger w\u00e4re das Leben nur halb so sch\u00f6n.<\/strong><\/h3>\n<h3 class=\"western\"><strong>Trage dieses coole Shirt mit Stolz!<\/strong><\/h3>\n<h3 class=\"western\"><strong>Herren Rundhals Fun Shirt Du denkst ich bin verr\u00fcckt? Du solltest mich erstmal in meinem Bagger sehen! Spa\u00df Freude Bagger<\/strong><\/h3>\n<h3 class=\"western\"><strong>M\u00e4nner Fun Shirt in Top Qualit\u00e4t zum super Preis<\/strong><\/h3>\n<p>&nbsp;<\/p>\n<div>T-Shirt, Rundhals-Ausschnitt, Single Jersey, 100 % Baumwolle, 180 g\/m\u00b2<\/div>\n<div><\/div>\n<div><strong>Schnitt<\/strong><\/div>\n<div>&#8211; komfortable Schnittform<\/div>\n<div>\u00a0rave<\/div>\n<div><strong>Verarbeitung<\/strong><\/div>\n<div>&#8211; Rippb\u00fcndchen mit Elasthan<\/div>\n<div>&#8211; Nackenband<\/div>\n<div>&#8211; verst\u00e4rkte Schultern\u00e4hte<\/div>\n<div>&#8211; Doppeln\u00e4hte<\/div>\n<div>&#8211; Schlauchware<\/div>\n<div><\/div>\n<div><strong>Eigenschaften<\/strong><\/div>\n<div>&#8211; gek\u00e4mmte Baumwolle<\/div>\n<div>&#8211; strapazierf\u00e4hig<\/div>\n<div>&#8211; formbest\u00e4ndig<\/div>\n<div>&#8211; weiches Griffgef\u00fchl<\/div>\n","protected":false},"excerpt":{"rendered":"<p>M\u00e4nner T-Shirt, Rundhals-Ausschnitt, Single Jersey<\/p>\n","protected":false},"featured_media":0,"comment_status":"open","ping_status":"closed","template":"","meta":[],"_links":{"self":[{"href":"https:\/\/deine-klamotten.de\/start\/wp-json\/wp\/v2\/product\/84341"}],"collection":[{"href":"https:\/\/deine-klamotten.de\/start\/wp-json\/wp\/v2\/product"}],"about":[{"href":"https:\/\/deine-klamotten.de\/start\/wp-json\/wp\/v2\/types\/product"}],"replies":[{"embeddable":true,"href":"https:\/\/deine-klamotten.de\/start\/wp-json\/wp\/v2\/comments?post=84341"}],"wp:attachment":[{"href":"https:\/\/deine-klamotten.de\/start\/wp-json\/wp\/v2\/media?parent=84341"}],"curies":[{"name":"wp","href":"https:\/\/api.w.org\/{rel}","templated":true}]}}