{"id":85280,"date":"2019-01-07T20:39:19","date_gmt":"2019-01-07T19:39:19","guid":{"rendered":"https:\/\/deine-klamotten.de\/?post_type=product&#038;p=85280"},"modified":"2019-01-07T20:47:23","modified_gmt":"2019-01-07T19:47:23","slug":"herren-v-neck-fun-shirt-viele-spielten-in-ihrer-kindheit-mit-baggern-die-gluecklichen-tun-es-immer-noch-spass-freude-bagger","status":"publish","type":"product","link":"https:\/\/deine-klamotten.de\/start\/produkt\/herren-v-neck-fun-shirt-viele-spielten-in-ihrer-kindheit-mit-baggern-die-gluecklichen-tun-es-immer-noch-spass-freude-bagger\/","title":{"rendered":"Herren V-Neck Fun Shirt Viele spielten in ihrer Kindheit mit Baggern die gl\u00fccklichen tun es immer noch! Spa\u00df Freude Bagger"},"content":{"rendered":"<h3><strong>Herren V-Neck Fun Shirt Viele spielten in ihrer Kindheit mit Baggern die gl\u00fccklichen tun es immer noch! Spa\u00df Freude Bagger<\/strong><\/h3>\n<h3><strong>Ohne Handwerker l\u00e4uft nichts. Wir w\u00fcrden alle nackt auf B\u00e4umen sitzen, wenn wir keine Handwerker und Bauarbeiter und vor allem Bagger h\u00e4tten.<\/strong><\/h3>\n<h3><strong>Trage dieses coole Shirt mit Stolz!<\/strong><\/h3>\n<h3><strong>Herren V-Neck Fun Shirt Viele spielten in ihrer Kindheit mit Baggern die gl\u00fccklichen tun es immer noch! Spa\u00df Freude Bagger<\/strong><\/h3>\n<h3><strong>M\u00e4nner Fun Shirt in Top Qualit\u00e4t zum super Preis<\/strong><\/h3>\n<div>T-Shirt, V-Ausschnitt, Single Jersey, 100 % Baumwolle, 180 g\/m\u00b2<\/div>\n<div><\/div>\n<div><strong>Schnitt<\/strong><\/div>\n<div>&#8211; komfortable Schnittform<\/div>\n<div><\/div>\n<div><strong>Verarbeitung<\/strong><\/div>\n<div>&#8211; Rippb\u00fcndchen mit Elasthan<\/div>\n<div>&#8211; Nackenband<\/div>\n<div>&#8211; verst\u00e4rkte Schultern\u00e4hte<\/div>\n<div>&#8211; Doppeln\u00e4hte<\/div>\n<div>&#8211; Schlauchware<\/div>\n<div><\/div>\n<div><strong>Eigenschaften<\/strong><\/div>\n<div>&#8211; hervorragend geeignet f\u00fcr DTG<\/div>\n<div>&#8211; gek\u00e4mmte Baumwolle<\/div>\n<div>&#8211; strapazierf\u00e4hig<\/div>\n<div>&#8211; formbest\u00e4ndig<\/div>\n<div>&#8211; weiches Griffgef\u00fchl<\/div>\n","protected":false},"excerpt":{"rendered":"<p>T-Shirt, V-Ausschnitt, Single Jersey<\/p>\n","protected":false},"featured_media":0,"comment_status":"open","ping_status":"closed","template":"","meta":[],"_links":{"self":[{"href":"https:\/\/deine-klamotten.de\/start\/wp-json\/wp\/v2\/product\/85280"}],"collection":[{"href":"https:\/\/deine-klamotten.de\/start\/wp-json\/wp\/v2\/product"}],"about":[{"href":"https:\/\/deine-klamotten.de\/start\/wp-json\/wp\/v2\/types\/product"}],"replies":[{"embeddable":true,"href":"https:\/\/deine-klamotten.de\/start\/wp-json\/wp\/v2\/comments?post=85280"}],"wp:attachment":[{"href":"https:\/\/deine-klamotten.de\/start\/wp-json\/wp\/v2\/media?parent=85280"}],"curies":[{"name":"wp","href":"https:\/\/api.w.org\/{rel}","templated":true}]}}