{"id":85309,"date":"2019-01-07T20:56:22","date_gmt":"2019-01-07T19:56:22","guid":{"rendered":"https:\/\/deine-klamotten.de\/?post_type=product&#038;p=85309"},"modified":"2019-01-07T21:06:28","modified_gmt":"2019-01-07T20:06:28","slug":"herren-v-neck-fun-shirt-als-gott-mich-schuf-braucht-er-gute-baggerfahrer-bagger-baggerfahrer","status":"publish","type":"product","link":"https:\/\/deine-klamotten.de\/start\/produkt\/herren-v-neck-fun-shirt-als-gott-mich-schuf-braucht-er-gute-baggerfahrer-bagger-baggerfahrer\/","title":{"rendered":"Herren V-Neck Fun Shirt Als Gott mich schuf brauchte er gute Baggerfahrer Bagger Baggerfahrer"},"content":{"rendered":"<h3><strong>Herren V-Neck Fun Shirt Als Gott mich schuf brauchte er gute Baggerfahrer Bagger Baggerfahrer<\/strong><\/h3>\n<h3><strong>Ohne Handwerker l\u00e4uft nichts. Wir w\u00fcrden alle nackt auf B\u00e4umen sitzen, wenn wir keine Handwerker und Bauarbeiter und vor allem Bagger h\u00e4tten.<\/strong><\/h3>\n<h3><strong>Trage dieses coole Shirt mit Stolz!<\/strong><\/h3>\n<h3><strong>Herren V-Neck Fun Shirt Als Gott mich schuf brauchte er gute Baggerfahrer Bagger Baggerfahrer<\/strong><\/h3>\n<h3><strong>M\u00e4nner Fun Shirt in Top Qualit\u00e4t zum super Preis<\/strong><\/h3>\n<div>T-Shirt, V-Ausschnitt, Single Jersey, 100 % Baumwolle, 180 g\/m\u00b2<\/div>\n<div><\/div>\n<div><strong>Schnitt<\/strong><\/div>\n<div>&#8211; komfortable Schnittform<\/div>\n<div><\/div>\n<div><strong>Verarbeitung<\/strong><\/div>\n<div>&#8211; Rippb\u00fcndchen mit Elasthan<\/div>\n<div>&#8211; Nackenband<\/div>\n<div>&#8211; verst\u00e4rkte Schultern\u00e4hte<\/div>\n<div>&#8211; Doppeln\u00e4hte<\/div>\n<div>&#8211; Schlauchware<\/div>\n<div><\/div>\n<div><strong>Eigenschaften<\/strong><\/div>\n<div>&#8211; hervorragend geeignet f\u00fcr DTG<\/div>\n<div>&#8211; gek\u00e4mmte Baumwolle<\/div>\n<div>&#8211; strapazierf\u00e4hig<\/div>\n<div>&#8211; formbest\u00e4ndig<\/div>\n<div>&#8211; weiches Griffgef\u00fchl<\/div>\n","protected":false},"excerpt":{"rendered":"<p>T-Shirt, V-Ausschnitt, Single Jersey<\/p>\n","protected":false},"featured_media":0,"comment_status":"open","ping_status":"closed","template":"","meta":[],"_links":{"self":[{"href":"https:\/\/deine-klamotten.de\/start\/wp-json\/wp\/v2\/product\/85309"}],"collection":[{"href":"https:\/\/deine-klamotten.de\/start\/wp-json\/wp\/v2\/product"}],"about":[{"href":"https:\/\/deine-klamotten.de\/start\/wp-json\/wp\/v2\/types\/product"}],"replies":[{"embeddable":true,"href":"https:\/\/deine-klamotten.de\/start\/wp-json\/wp\/v2\/comments?post=85309"}],"wp:attachment":[{"href":"https:\/\/deine-klamotten.de\/start\/wp-json\/wp\/v2\/media?parent=85309"}],"curies":[{"name":"wp","href":"https:\/\/api.w.org\/{rel}","templated":true}]}}