{"id":85712,"date":"2019-01-10T19:54:32","date_gmt":"2019-01-10T18:54:32","guid":{"rendered":"https:\/\/deine-klamotten.de\/?post_type=product&#038;p=85712"},"modified":"2019-01-14T17:08:58","modified_gmt":"2019-01-14T16:08:58","slug":"herren-rundhals-fun-shirt-feuerwehr-loeschen-retten-bergen-schuetzen","status":"publish","type":"product","link":"https:\/\/deine-klamotten.de\/start\/produkt\/herren-rundhals-fun-shirt-feuerwehr-loeschen-retten-bergen-schuetzen\/","title":{"rendered":"Herren Rundhals Fun Shirt Feuerwehr L\u00f6schen Retten Bergen Sch\u00fctzen"},"content":{"rendered":"<h3><strong>Herren Rundhals Fun Shirt Feuerwehr L\u00f6schen Retten Bergen Sch\u00fctzen<\/strong><\/h3>\n<h3 class=\"western\"><strong>Ohne die Feuwehr klappt gar nichts!<\/strong><\/h3>\n<h3><strong>Herren Rundhals Fun Shirt Feuerwehr L\u00f6schen Retten Bergen Sch\u00fctzen<\/strong><\/h3>\n<h3><strong>Cooles M\u00e4nner Fun T-Shirt in Top Qualit\u00e4t zum super Preis<\/strong><\/h3>\n<div>T-Shirt, Rundhals-Ausschnitt, Single Jersey, 100 % Baumwolle, 180 g\/m\u00b2<\/div>\n<div><\/div>\n<div><strong>Schnitt<\/strong><\/div>\n<div>&#8211; komfortable Schnittform<\/div>\n<div>\u00a0rave<\/div>\n<div><strong>Verarbeitung<\/strong><\/div>\n<div>&#8211; Rippb\u00fcndchen mit Elasthan<\/div>\n<div>&#8211; Nackenband<\/div>\n<div>&#8211; verst\u00e4rkte Schultern\u00e4hte<\/div>\n<div>&#8211; Doppeln\u00e4hte<\/div>\n<div>&#8211; Schlauchware<\/div>\n<div><\/div>\n<div><strong>Eigenschaften<\/strong><\/div>\n<div>&#8211; gek\u00e4mmte Baumwolle<\/div>\n<div>&#8211; strapazierf\u00e4hig<\/div>\n<div>&#8211; formbest\u00e4ndig<\/div>\n<div>&#8211; weiches Griffgef\u00fchl<\/div>\n","protected":false},"excerpt":{"rendered":"<p>M\u00e4nner T-Shirt, Rundhals-Ausschnitt, Single Jersey<\/p>\n","protected":false},"featured_media":0,"comment_status":"open","ping_status":"closed","template":"","meta":[],"_links":{"self":[{"href":"https:\/\/deine-klamotten.de\/start\/wp-json\/wp\/v2\/product\/85712"}],"collection":[{"href":"https:\/\/deine-klamotten.de\/start\/wp-json\/wp\/v2\/product"}],"about":[{"href":"https:\/\/deine-klamotten.de\/start\/wp-json\/wp\/v2\/types\/product"}],"replies":[{"embeddable":true,"href":"https:\/\/deine-klamotten.de\/start\/wp-json\/wp\/v2\/comments?post=85712"}],"wp:attachment":[{"href":"https:\/\/deine-klamotten.de\/start\/wp-json\/wp\/v2\/media?parent=85712"}],"curies":[{"name":"wp","href":"https:\/\/api.w.org\/{rel}","templated":true}]}}