{"id":85970,"date":"2019-01-22T17:54:19","date_gmt":"2019-01-22T16:54:19","guid":{"rendered":"https:\/\/deine-klamotten.de\/?post_type=product&#038;p=85970"},"modified":"2019-01-22T17:58:24","modified_gmt":"2019-01-22T16:58:24","slug":"tasse-tatuetata-polizei-spass-buero","status":"publish","type":"product","link":"https:\/\/deine-klamotten.de\/start\/produkt\/tasse-tatuetata-polizei-spass-buero\/","title":{"rendered":"Tasse TAT\u00dcTATA Polizei Spa\u00df B\u00fcro"},"content":{"rendered":"<h3><strong>Tasse TAT\u00dcTATA Polizei Spa\u00df B\u00fcro<\/strong><\/h3>\n<h3><strong>Coole Kaffeetasse, nicht nur f\u00fcr Polizisten<br \/>\n<\/strong><\/h3>\n<h3><strong>Tasse TAT\u00dcTATA Polizei Spa\u00df B\u00fcro<\/strong><\/h3>\n<p>Weisse Tasse Bedruckt 280 ml Keramik<\/p>\n","protected":false},"excerpt":{"rendered":"<p>Weisse Tasse Bedruckt 280 ml Keramik<\/p>\n","protected":false},"featured_media":0,"comment_status":"open","ping_status":"closed","template":"","meta":[],"_links":{"self":[{"href":"https:\/\/deine-klamotten.de\/start\/wp-json\/wp\/v2\/product\/85970"}],"collection":[{"href":"https:\/\/deine-klamotten.de\/start\/wp-json\/wp\/v2\/product"}],"about":[{"href":"https:\/\/deine-klamotten.de\/start\/wp-json\/wp\/v2\/types\/product"}],"replies":[{"embeddable":true,"href":"https:\/\/deine-klamotten.de\/start\/wp-json\/wp\/v2\/comments?post=85970"}],"wp:attachment":[{"href":"https:\/\/deine-klamotten.de\/start\/wp-json\/wp\/v2\/media?parent=85970"}],"curies":[{"name":"wp","href":"https:\/\/api.w.org\/{rel}","templated":true}]}}