{"id":85972,"date":"2019-01-22T17:58:51","date_gmt":"2019-01-22T16:58:51","guid":{"rendered":"https:\/\/deine-klamotten.de\/?post_type=product&#038;p=85972"},"modified":"2019-01-22T18:02:38","modified_gmt":"2019-01-22T17:02:38","slug":"tasse-handwerker-bis-zum-bitteren-ende-spass-buero","status":"publish","type":"product","link":"https:\/\/deine-klamotten.de\/start\/produkt\/tasse-handwerker-bis-zum-bitteren-ende-spass-buero\/","title":{"rendered":"Tasse Handwerker bis zum bitteren Ende Spa\u00df B\u00fcro"},"content":{"rendered":"<h3><strong>Tasse Handwerker bis zum bitteren Ende Spa\u00df B\u00fcro<\/strong><\/h3>\n<h3><strong>Coole Kaffeetasse f\u00fcr alle Handwerker, die ihren Job lieben!<br \/>\n<\/strong><\/h3>\n<h3><strong>Tasse Handwerker bis zum bitteren Ende Spa\u00df B\u00fcro<\/strong><\/h3>\n<p>Weisse Tasse Bedruckt 280 ml Keramik<\/p>\n","protected":false},"excerpt":{"rendered":"<p>Weisse Tasse Bedruckt 280 ml Keramik<\/p>\n","protected":false},"featured_media":0,"comment_status":"open","ping_status":"closed","template":"","meta":[],"_links":{"self":[{"href":"https:\/\/deine-klamotten.de\/start\/wp-json\/wp\/v2\/product\/85972"}],"collection":[{"href":"https:\/\/deine-klamotten.de\/start\/wp-json\/wp\/v2\/product"}],"about":[{"href":"https:\/\/deine-klamotten.de\/start\/wp-json\/wp\/v2\/types\/product"}],"replies":[{"embeddable":true,"href":"https:\/\/deine-klamotten.de\/start\/wp-json\/wp\/v2\/comments?post=85972"}],"wp:attachment":[{"href":"https:\/\/deine-klamotten.de\/start\/wp-json\/wp\/v2\/media?parent=85972"}],"curies":[{"name":"wp","href":"https:\/\/api.w.org\/{rel}","templated":true}]}}