{"id":85974,"date":"2019-01-22T18:03:01","date_gmt":"2019-01-22T17:03:01","guid":{"rendered":"https:\/\/deine-klamotten.de\/?post_type=product&#038;p=85974"},"modified":"2019-01-22T18:08:51","modified_gmt":"2019-01-22T17:08:51","slug":"tasse-feuerwehrmann-weil-superheld-kein-offizieller-beruf-ist-spass-buero","status":"publish","type":"product","link":"https:\/\/deine-klamotten.de\/start\/produkt\/tasse-feuerwehrmann-weil-superheld-kein-offizieller-beruf-ist-spass-buero\/","title":{"rendered":"Tasse Feuerwehrmann weil Superheld kein offizieller Beruf ist Spa\u00df B\u00fcro"},"content":{"rendered":"<h3><strong>Tasse Feuerwehrmann weil Superheld kein offizieller Beruf ist Spa\u00df B\u00fcro<\/strong><\/h3>\n<h3><strong>Coole Kaffeetasse f\u00fcr alle Superhelden, die uns t\u00e4glich das Leben retten!<br \/>\n<\/strong><\/h3>\n<h3><strong>Tasse Feuerwehrmann weil Superheld kein offizieller Beruf ist Spa\u00df B\u00fcro<\/strong><\/h3>\n<p>Weisse Tasse Bedruckt 280 ml Keramik<\/p>\n","protected":false},"excerpt":{"rendered":"<p>Weisse Tasse Bedruckt 280 ml Keramik<\/p>\n","protected":false},"featured_media":0,"comment_status":"open","ping_status":"closed","template":"","meta":[],"_links":{"self":[{"href":"https:\/\/deine-klamotten.de\/start\/wp-json\/wp\/v2\/product\/85974"}],"collection":[{"href":"https:\/\/deine-klamotten.de\/start\/wp-json\/wp\/v2\/product"}],"about":[{"href":"https:\/\/deine-klamotten.de\/start\/wp-json\/wp\/v2\/types\/product"}],"replies":[{"embeddable":true,"href":"https:\/\/deine-klamotten.de\/start\/wp-json\/wp\/v2\/comments?post=85974"}],"wp:attachment":[{"href":"https:\/\/deine-klamotten.de\/start\/wp-json\/wp\/v2\/media?parent=85974"}],"curies":[{"name":"wp","href":"https:\/\/api.w.org\/{rel}","templated":true}]}}