{"id":85978,"date":"2019-01-22T18:12:23","date_gmt":"2019-01-22T17:12:23","guid":{"rendered":"https:\/\/deine-klamotten.de\/?post_type=product&#038;p=85978"},"modified":"2019-01-22T18:14:44","modified_gmt":"2019-01-22T17:14:44","slug":"tasse-ich-bin-feuerwehrmann-mein-job-ist-es-deinen-arsch-zu-retten-spass-buero","status":"publish","type":"product","link":"https:\/\/deine-klamotten.de\/start\/produkt\/tasse-ich-bin-feuerwehrmann-mein-job-ist-es-deinen-arsch-zu-retten-spass-buero\/","title":{"rendered":"Tasse Ich bin Feuerwehrmann Mein Job ist es deinen Arsch zu retten Spa\u00df B\u00fcro"},"content":{"rendered":"<h3><strong>Tasse Ich bin Feuerwehrmann Mein Job ist es deinen Arsch zu retten Spa\u00df B\u00fcro<\/strong><\/h3>\n<h3><strong>Coole Kaffeetasse f\u00fcr alle Superhelden, die uns t\u00e4glich das Leben retten!<br \/>\n<\/strong><\/h3>\n<h3><strong>Tasse Ich bin Feuerwehrmann Mein Job ist es deinen Arsch zu retten Spa\u00df B\u00fcro<\/strong><\/h3>\n<p>Weisse Tasse Bedruckt 280 ml Keramik<\/p>\n","protected":false},"excerpt":{"rendered":"<p>Weisse Tasse Bedruckt 280 ml Keramik<\/p>\n","protected":false},"featured_media":0,"comment_status":"open","ping_status":"closed","template":"","meta":[],"_links":{"self":[{"href":"https:\/\/deine-klamotten.de\/start\/wp-json\/wp\/v2\/product\/85978"}],"collection":[{"href":"https:\/\/deine-klamotten.de\/start\/wp-json\/wp\/v2\/product"}],"about":[{"href":"https:\/\/deine-klamotten.de\/start\/wp-json\/wp\/v2\/types\/product"}],"replies":[{"embeddable":true,"href":"https:\/\/deine-klamotten.de\/start\/wp-json\/wp\/v2\/comments?post=85978"}],"wp:attachment":[{"href":"https:\/\/deine-klamotten.de\/start\/wp-json\/wp\/v2\/media?parent=85978"}],"curies":[{"name":"wp","href":"https:\/\/api.w.org\/{rel}","templated":true}]}}