{"id":85982,"date":"2019-01-22T18:17:16","date_gmt":"2019-01-22T17:17:16","guid":{"rendered":"https:\/\/deine-klamotten.de\/?post_type=product&#038;p=85982"},"modified":"2019-01-22T18:29:17","modified_gmt":"2019-01-22T17:29:17","slug":"tasse-ich-bin-feuerwehrmann-ich-hoere-erst-auf-wenn-ich-fertig-bin-spass","status":"publish","type":"product","link":"https:\/\/deine-klamotten.de\/start\/produkt\/tasse-ich-bin-feuerwehrmann-ich-hoere-erst-auf-wenn-ich-fertig-bin-spass\/","title":{"rendered":"Tasse Ich bin Feuerwehrmann ich h\u00f6re erst auf wenn ich fertig bin Spa\u00df B\u00fcro"},"content":{"rendered":"<h3><strong>Tasse Ich bin Feuerwehrmann ich h\u00f6re erst auf wenn ich fertig bin Spa\u00df B\u00fcro<\/strong><\/h3>\n<h3><strong>Coole Kaffeetasse f\u00fcr alle Superhelden, die uns t\u00e4glich das Leben retten!<br \/>\n<\/strong><\/h3>\n<h3><strong>Tasse Ich bin Feuerwehrmann ich h\u00f6re erst auf wenn ich fertig bin Spa\u00df B\u00fcro<\/strong><\/h3>\n<p>Weisse Tasse Bedruckt 280 ml Keramik<\/p>\n","protected":false},"excerpt":{"rendered":"<p>Weisse Tasse Bedruckt 280 ml Keramik<\/p>\n","protected":false},"featured_media":0,"comment_status":"open","ping_status":"closed","template":"","meta":[],"_links":{"self":[{"href":"https:\/\/deine-klamotten.de\/start\/wp-json\/wp\/v2\/product\/85982"}],"collection":[{"href":"https:\/\/deine-klamotten.de\/start\/wp-json\/wp\/v2\/product"}],"about":[{"href":"https:\/\/deine-klamotten.de\/start\/wp-json\/wp\/v2\/types\/product"}],"replies":[{"embeddable":true,"href":"https:\/\/deine-klamotten.de\/start\/wp-json\/wp\/v2\/comments?post=85982"}],"wp:attachment":[{"href":"https:\/\/deine-klamotten.de\/start\/wp-json\/wp\/v2\/media?parent=85982"}],"curies":[{"name":"wp","href":"https:\/\/api.w.org\/{rel}","templated":true}]}}