{"id":85984,"date":"2019-01-22T18:29:45","date_gmt":"2019-01-22T17:29:45","guid":{"rendered":"https:\/\/deine-klamotten.de\/?post_type=product&#038;p=85984"},"modified":"2019-01-22T18:33:42","modified_gmt":"2019-01-22T17:33:42","slug":"tasse-kreuz-feuerwehr-retten-bergen-schuetzen-loeschen-spass-buero","status":"publish","type":"product","link":"https:\/\/deine-klamotten.de\/start\/produkt\/tasse-kreuz-feuerwehr-retten-bergen-schuetzen-loeschen-spass-buero\/","title":{"rendered":"Tasse Kreuz Feuerwehr Retten Bergen Sch\u00fctzen L\u00f6schen Spa\u00df B\u00fcro"},"content":{"rendered":"<h3><strong>Tasse Kreuz Feuerwehr Retten Bergen Sch\u00fctzen L\u00f6schen Spa\u00df B\u00fcro<\/strong><\/h3>\n<h3><strong>Coole Kaffeetasse f\u00fcr alle Superhelden, die uns t\u00e4glich das Leben retten!<br \/>\n<\/strong><\/h3>\n<h3><strong>Tasse Kreuz Feuerwehr Retten Bergen Sch\u00fctzen L\u00f6schen Spa\u00df B\u00fcro<\/strong><\/h3>\n<p>Weisse Tasse Bedruckt 280 ml Keramik<\/p>\n","protected":false},"excerpt":{"rendered":"<p>Weisse Tasse Bedruckt 280 ml Keramik<\/p>\n","protected":false},"featured_media":0,"comment_status":"open","ping_status":"closed","template":"","meta":[],"_links":{"self":[{"href":"https:\/\/deine-klamotten.de\/start\/wp-json\/wp\/v2\/product\/85984"}],"collection":[{"href":"https:\/\/deine-klamotten.de\/start\/wp-json\/wp\/v2\/product"}],"about":[{"href":"https:\/\/deine-klamotten.de\/start\/wp-json\/wp\/v2\/types\/product"}],"replies":[{"embeddable":true,"href":"https:\/\/deine-klamotten.de\/start\/wp-json\/wp\/v2\/comments?post=85984"}],"wp:attachment":[{"href":"https:\/\/deine-klamotten.de\/start\/wp-json\/wp\/v2\/media?parent=85984"}],"curies":[{"name":"wp","href":"https:\/\/api.w.org\/{rel}","templated":true}]}}