{"id":89711,"date":"2019-03-18T21:08:36","date_gmt":"2019-03-18T20:08:36","guid":{"rendered":"https:\/\/deine-klamotten.de\/?post_type=product&#038;p=89711"},"modified":"2019-03-18T21:16:42","modified_gmt":"2019-03-18T20:16:42","slug":"herren-fun-muskel-shirt-ich-bin-lkw-fahrer-ich-hoere-nicht-auf-wenn-ich-muede-bin-ich-hoere-auf-wenn-ich-fertig-bin-beruf-spass-lkw-fahrer","status":"publish","type":"product","link":"https:\/\/deine-klamotten.de\/start\/produkt\/herren-fun-muskel-shirt-ich-bin-lkw-fahrer-ich-hoere-nicht-auf-wenn-ich-muede-bin-ich-hoere-auf-wenn-ich-fertig-bin-beruf-spass-lkw-fahrer\/","title":{"rendered":"Herren Fun Muskel Shirt Ich bin LKW Fahrer ich h\u00f6re nicht auf wenn ich m\u00fcde bin ich h\u00f6re auf wenn ich fertig bin Beruf Spa\u00df LKW Fahrer"},"content":{"rendered":"<h3><strong>Herren Fun Muskel Shirt Ich bin LKW Fahrer ich h\u00f6re nicht auf wenn ich m\u00fcde bin ich h\u00f6re auf wenn ich fertig bin Beruf Spa\u00df LKW Fahrer<\/strong><\/h3>\n<h3><strong>Trage dieses super coole Muskel Shirt in deiner Freizeit, zum chillen oder aber zum Sport<br \/>\n<\/strong><\/h3>\n<h3><strong>Herren Fun Muskel Shirt Ich bin LKW Fahrer ich h\u00f6re nicht auf wenn ich m\u00fcde bin ich h\u00f6re auf wenn ich fertig bin Beruf Spa\u00df LKW Fahrer<\/strong><\/h3>\n<div>Tr\u00e4gershirt,\u00a0Single Jersey,\u00a0100 % Baumwolle, 150 g\/m\u00b2<\/div>\n<div><\/div>\n<div><strong>Schnitt<\/strong><\/div>\n<div>&#8211; komfortable Schnittform<\/div>\n<div><\/div>\n<div><strong>Verarbeitung<\/strong><\/div>\n<div>&#8211; Doppeln\u00e4hte<\/div>\n<div>&#8211; Schlauchware<\/div>\n<div><\/div>\n<div><strong>Eigenschaften<\/strong><\/div>\n<div>&#8211; gek\u00e4mmte Baumwolle<\/div>\n<div>&#8211; formbest\u00e4ndig<\/div>\n<div>&#8211; weiches Griffgef\u00fchl<\/div>\n","protected":false},"excerpt":{"rendered":"<p>Herren Muskel Shirt, Tr\u00e4gershirt,\u00a0Single Jersey<\/p>\n","protected":false},"featured_media":0,"comment_status":"open","ping_status":"closed","template":"","meta":[],"_links":{"self":[{"href":"https:\/\/deine-klamotten.de\/start\/wp-json\/wp\/v2\/product\/89711"}],"collection":[{"href":"https:\/\/deine-klamotten.de\/start\/wp-json\/wp\/v2\/product"}],"about":[{"href":"https:\/\/deine-klamotten.de\/start\/wp-json\/wp\/v2\/types\/product"}],"replies":[{"embeddable":true,"href":"https:\/\/deine-klamotten.de\/start\/wp-json\/wp\/v2\/comments?post=89711"}],"wp:attachment":[{"href":"https:\/\/deine-klamotten.de\/start\/wp-json\/wp\/v2\/media?parent=89711"}],"curies":[{"name":"wp","href":"https:\/\/api.w.org\/{rel}","templated":true}]}}