{"id":90174,"date":"2019-04-01T20:51:09","date_gmt":"2019-04-01T18:51:09","guid":{"rendered":"https:\/\/deine-klamotten.de\/?post_type=product&#038;p=90174"},"modified":"2019-04-01T21:01:05","modified_gmt":"2019-04-01T19:01:05","slug":"damen-fun-tanktop-not-a-sport-its-a-lifestyle-windsurf-hobby-spass-freude","status":"publish","type":"product","link":"https:\/\/deine-klamotten.de\/start\/produkt\/damen-fun-tanktop-not-a-sport-its-a-lifestyle-windsurf-hobby-spass-freude\/","title":{"rendered":"Damen Fun Tanktop\u00a0Not a Sport it\u00b4s a Lifestyle Windsurf Hobby Spa\u00df Freude"},"content":{"rendered":"<h3><strong>Damen Fun Tanktop Not a Sport it\u00b4s a Lifestyle Windsurf Hobby Spa\u00df Freude <\/strong><\/h3>\n<h3 dir=\"LTR\" align=\"LEFT\"><strong>Auch perfekt als Geburtstagsgeschenk oder<\/strong><strong>\u00a0f\u00fcr das Fitness Studio oder aber f\u00fcr die Freizeit, zum chillen oder wozu du es haben willst!<br \/>\n<\/strong><\/h3>\n<h3><strong>Damen Fun Tanktop Not a Sport it\u00b4s a Lifestyle Windsurf Hobby Spa\u00df Freude <\/strong><\/h3>\n<h3><b>Damen Tr\u00e4gershirt in Top Qualit\u00e4t zum super Preis<\/b><\/h3>\n<div>Tr\u00e4gershirt, figurbetont, Single Jersey, neutrales Gr\u00f6\u00dfenetikett,\u00a095 % Baumwolle, 5 % Elasthan, 180 g\/m\u00b2<\/div>\n<div><\/div>\n<div><strong>Schnitt<\/strong><\/div>\n<div>&#8211; figurbetont<\/div>\n<div><\/div>\n<div><strong>Verarbeitung<\/strong><\/div>\n<div>&#8211; neutrales Gr\u00f6\u00dfenetikett<\/div>\n<div>&#8211; Doppeln\u00e4hte<\/div>\n<div>&#8211; Seitenn\u00e4hte<\/div>\n<div><\/div>\n<div><strong>Eigenschaften<\/strong><\/div>\n<div>&#8211; gek\u00e4mmte Baumwolle<\/div>\n<div>&#8211; weiches Griffgef\u00fchl<\/div>\n<div>&#8211; Elasthananteil f\u00fcr besseren Komfort und Tragegef\u00fchl<\/div>\n<div><\/div>\n","protected":false},"excerpt":{"rendered":"<p>Damen Tank Top, Tr\u00e4gershirt, figurbetont, Single Jersey<\/p>\n","protected":false},"featured_media":0,"comment_status":"open","ping_status":"closed","template":"","meta":[],"_links":{"self":[{"href":"https:\/\/deine-klamotten.de\/start\/wp-json\/wp\/v2\/product\/90174"}],"collection":[{"href":"https:\/\/deine-klamotten.de\/start\/wp-json\/wp\/v2\/product"}],"about":[{"href":"https:\/\/deine-klamotten.de\/start\/wp-json\/wp\/v2\/types\/product"}],"replies":[{"embeddable":true,"href":"https:\/\/deine-klamotten.de\/start\/wp-json\/wp\/v2\/comments?post=90174"}],"wp:attachment":[{"href":"https:\/\/deine-klamotten.de\/start\/wp-json\/wp\/v2\/media?parent=90174"}],"curies":[{"name":"wp","href":"https:\/\/api.w.org\/{rel}","templated":true}]}}