{"id":91245,"date":"2019-04-04T12:11:22","date_gmt":"2019-04-04T10:11:22","guid":{"rendered":"https:\/\/deine-klamotten.de\/?post_type=product&#038;p=91245"},"modified":"2019-04-10T08:13:24","modified_gmt":"2019-04-10T06:13:24","slug":"herren-rundhals-fun-shirt-glitzer-totenkopf-skull-metal-rock-special-flexfolien-glitzerdruck","status":"publish","type":"product","link":"https:\/\/deine-klamotten.de\/start\/produkt\/herren-rundhals-fun-shirt-glitzer-totenkopf-skull-metal-rock-special-flexfolien-glitzerdruck\/","title":{"rendered":"Herren Rundhals Fun Shirt Glitzer Totenkopf Skull Metal Rock &#8211; Special Flexfolien-Glitzerdruck"},"content":{"rendered":"<h3><strong>Herren Rundhals Fun Shirt Glitzer Totenkopf Skull Metal Rock<\/strong><\/h3>\n<h3><strong>Cooles M\u00e4nner T-Shirt mit au\u00dfergew\u00f6hnlichem Flexfolien-Glitzerdruck<br \/>\n<\/strong><\/h3>\n<h3><b>Heavy Metal \u2013 Black Metal \u2013 Death Metal \u2013 Sleaze Metal \u2013 Glam Metal \u2013 Power Metal \u2013 Groove Metal \u2013 NWoBHM \u2013 Thrash Metal \u2013 Speed Metal \u2013 Doom Metal \u2013 Progressive Metal \u2013 Gothic Metal \u2013 Industrial Metal \u2013 Nu Metal \u2013 Folk Metal \u2013 Oldschool Metal \u2013 Grindcore \u2013 Metalcore \u2013 Pagan Metal \u2013 Symphonic Metal \u2013 Viking Metal \u2013 Alternative Metal \u2013 White Metal<\/b><\/h3>\n<h3><strong>Herren Rundhals Fun Shirt Glitzer Totenkopf Skull Metal Rock<\/strong><\/h3>\n<h3><strong>Cooles M\u00e4nner Fun T-Shirt in Top Qualit\u00e4t zum super Preis<\/strong><\/h3>\n<div>T-Shirt, Rundhals-Ausschnitt, Single Jersey, 100 % Baumwolle, 180 g\/m\u00b2<\/div>\n<div><\/div>\n<div><strong>Schnitt<\/strong><\/div>\n<div>&#8211; komfortable Schnittform<\/div>\n<div><\/div>\n<div><strong>Verarbeitung<\/strong><\/div>\n<div>&#8211; Rippb\u00fcndchen mit Elasthan<\/div>\n<div>&#8211; Nackenband<\/div>\n<div>&#8211; verst\u00e4rkte Schultern\u00e4hte<\/div>\n<div>&#8211; Doppeln\u00e4hte<\/div>\n<div>&#8211; Schlauchware<\/div>\n<div><\/div>\n<div><strong>Eigenschaften<\/strong><\/div>\n<div>&#8211; gek\u00e4mmte Baumwolle<\/div>\n<div>&#8211; strapazierf\u00e4hig<\/div>\n<div>&#8211; formbest\u00e4ndig<\/div>\n<div>&#8211; weiches Griffgef\u00fchl<\/div>\n","protected":false},"excerpt":{"rendered":"<p>M\u00e4nner T-Shirt, Rundhals-Ausschnitt, Single Jersey<\/p>\n","protected":false},"featured_media":0,"comment_status":"open","ping_status":"closed","template":"","meta":[],"_links":{"self":[{"href":"https:\/\/deine-klamotten.de\/start\/wp-json\/wp\/v2\/product\/91245"}],"collection":[{"href":"https:\/\/deine-klamotten.de\/start\/wp-json\/wp\/v2\/product"}],"about":[{"href":"https:\/\/deine-klamotten.de\/start\/wp-json\/wp\/v2\/types\/product"}],"replies":[{"embeddable":true,"href":"https:\/\/deine-klamotten.de\/start\/wp-json\/wp\/v2\/comments?post=91245"}],"wp:attachment":[{"href":"https:\/\/deine-klamotten.de\/start\/wp-json\/wp\/v2\/media?parent=91245"}],"curies":[{"name":"wp","href":"https:\/\/api.w.org\/{rel}","templated":true}]}}