{"id":959,"date":"2017-06-14T19:39:39","date_gmt":"2017-06-14T17:39:39","guid":{"rendered":"http:\/\/staging.deine-klamotten.de\/?post_type=product&#038;p=959"},"modified":"2017-11-11T12:51:40","modified_gmt":"2017-11-11T11:51:40","slug":"fun-shirt-ich-mag-bier-ich-liebe-bier-ich-trinke-bier","status":"publish","type":"product","link":"https:\/\/deine-klamotten.de\/start\/produkt\/fun-shirt-ich-mag-bier-ich-liebe-bier-ich-trinke-bier\/","title":{"rendered":"Herren V-Neck Fun Shirt Ich mag Bier Ich liebe Bier Ich trinke Bier Vatertag M\u00e4nner"},"content":{"rendered":"<h3><strong>Fun Shirt Ich mag Bier Ich liebe Bier Ich trinke Bier<\/strong><\/h3>\n<h3><strong>Das Leben kann so sch\u00f6n sein. Ein k\u00fchles Blondes. Lebenselixier. K\u00f6stliche Gerstenkaltschale. Frisch gezapftes Pils. Herrliches Alt. Prickelndes Weizen. Zischendes K\u00f6lsch. Leckerer Maibock. Ich mag Bier! Ich liebe Bier! Ich trinke Bier! <\/strong><\/h3>\n<h3><strong>C<\/strong><strong>ooles M\u00e4nner Fun Shirt in Top Qualit\u00e4t zum super Preis<\/strong><\/h3>\n<div>T-Shirt, V-Ausschnitt, Single Jersey, 100 % Baumwolle, 180 g\/m\u00b2<\/div>\n<div><\/div>\n<div><strong>Schnitt<\/strong><\/div>\n<div>&#8211; komfortable Schnittform<\/div>\n<div><\/div>\n<div><strong>Verarbeitung<\/strong><\/div>\n<div>&#8211; Rippb\u00fcndchen mit Elasthan<\/div>\n<div>&#8211; Nackenband<\/div>\n<div>&#8211; verst\u00e4rkte Schultern\u00e4hte<\/div>\n<div>&#8211; Doppeln\u00e4hte<\/div>\n<div>&#8211; Schlauchware<\/div>\n<div><\/div>\n<div><strong>Eigenschaften<\/strong><\/div>\n<div>&#8211; gek\u00e4mmte Baumwolle<\/div>\n<div>&#8211; strapazierf\u00e4hig<\/div>\n<div>&#8211; formbest\u00e4ndig<\/div>\n<div>&#8211; weiches Griffgef\u00fchl<\/div>\n<div><\/div>\n","protected":false},"excerpt":{"rendered":"<p>M\u00e4nner T-Shirt, V-Ausschnitt, Single Jersey<\/p>\n","protected":false},"featured_media":0,"comment_status":"open","ping_status":"closed","template":"","meta":[],"_links":{"self":[{"href":"https:\/\/deine-klamotten.de\/start\/wp-json\/wp\/v2\/product\/959"}],"collection":[{"href":"https:\/\/deine-klamotten.de\/start\/wp-json\/wp\/v2\/product"}],"about":[{"href":"https:\/\/deine-klamotten.de\/start\/wp-json\/wp\/v2\/types\/product"}],"replies":[{"embeddable":true,"href":"https:\/\/deine-klamotten.de\/start\/wp-json\/wp\/v2\/comments?post=959"}],"wp:attachment":[{"href":"https:\/\/deine-klamotten.de\/start\/wp-json\/wp\/v2\/media?parent=959"}],"curies":[{"name":"wp","href":"https:\/\/api.w.org\/{rel}","templated":true}]}}